{"id":871,"date":"2021-08-03T14:09:37","date_gmt":"2021-08-03T14:09:37","guid":{"rendered":"https:\/\/www.wpdirectorykit.com\/nexproperty\/?page_id=871"},"modified":"2024-10-24T20:27:57","modified_gmt":"2024-10-24T18:27:57","slug":"contact","status":"publish","type":"page","link":"https:\/\/przyczepy-szamotuly.pl\/?page_id=871","title":{"rendered":"Kontakt"},"content":{"rendered":"\t\t<div data-elementor-type=\"wp-page\" data-elementor-id=\"871\" class=\"elementor elementor-871\">\n\t\t\t\t\t\t<section class=\"elementor-section elementor-top-section elementor-element elementor-element-2f9060b elementor-section-boxed elementor-section-height-default elementor-section-height-default\" data-id=\"2f9060b\" data-element_type=\"section\">\n\t\t\t\t\t\t<div class=\"elementor-container elementor-column-gap-default\">\n\t\t\t\t\t<div class=\"elementor-column elementor-col-33 elementor-top-column elementor-element elementor-element-235e305\" data-id=\"235e305\" data-element_type=\"column\">\n\t\t\t<div class=\"elementor-widget-wrap elementor-element-populated\">\n\t\t\t\t\t\t<div class=\"elementor-element elementor-element-f2a71ff elementor-widget elementor-widget-eli-logo\" data-id=\"f2a71ff\" data-element_type=\"widget\" data-widget_type=\"eli-logo.default\">\n\t\t\t\t<div class=\"elementor-widget-container\">\n\t\t\t<div class=\"widget-eli eli-logo\" id=\"eli_254439935\">\r\n    <div class=\"eli_container\">\r\n                    <a href=\"https:\/\/przyczepy-szamotuly.pl\/\"  class=\"custom-logo-link\">\r\n                <img decoding=\"async\" src=\"https:\/\/przyczepy-szamotuly.pl\/wp-content\/uploads\/2024\/10\/LOGO-bez-napisow-i-tla.png\" alt=\"Przyczepy Szamotu\u0142y\">\r\n            <\/a>\r\n            <\/div>\r\n<\/div>\t\t<\/div>\n\t\t\t\t<\/div>\n\t\t\t\t\t<\/div>\n\t\t<\/div>\n\t\t\t\t<div class=\"elementor-column elementor-col-33 elementor-top-column elementor-element elementor-element-c8995c3\" data-id=\"c8995c3\" data-element_type=\"column\">\n\t\t\t<div class=\"elementor-widget-wrap elementor-element-populated\">\n\t\t\t\t\t\t<div class=\"elementor-element elementor-element-fa665f8 elementor-widget elementor-widget-heading\" data-id=\"fa665f8\" data-element_type=\"widget\" data-widget_type=\"heading.default\">\n\t\t\t\t<div class=\"elementor-widget-container\">\n\t\t\t<h2 class=\"elementor-heading-title elementor-size-default\">Przyczepy Szamotu\u0142y<\/h2>\t\t<\/div>\n\t\t\t\t<\/div>\n\t\t\t\t\t<\/div>\n\t\t<\/div>\n\t\t\t\t<div class=\"elementor-column elementor-col-33 elementor-top-column elementor-element elementor-element-c1a3b7e\" data-id=\"c1a3b7e\" data-element_type=\"column\">\n\t\t\t<div class=\"elementor-widget-wrap elementor-element-populated\">\n\t\t\t\t\t\t<div class=\"elementor-element elementor-element-37b5021 elementor-widget-mobile__width-auto elementor-widget-tablet__width-auto wl-nav-menu--indicator-classic wl-nav-menu--dropdown-tablet wl-nav-menu__text-align-aside wl-nav-menu--toggle wl-nav-menu--burger elementor-widget elementor-widget-eli-menu\" data-id=\"37b5021\" data-element_type=\"widget\" data-settings=\"{&quot;layout&quot;:&quot;horizontal&quot;,&quot;toggle&quot;:&quot;burger&quot;}\" data-widget_type=\"eli-menu.default\">\n\t\t\t\t<div class=\"elementor-widget-container\">\n\t\t\t\r\n        <div class=\"widget-eli elementinvader-addons-for-elementor eli-menu elementor-clickable\" id=\"eli_58413089\">\r\n    <div class=\"eli-container\">\r\n        <div class=\"wl_nav_mask\"><\/div>\r\n                    <nav role=\"navigation\" class=\"wl-nav-menu--main wl-nav-menu__container wl-nav-menu--layout-horizontal\"><div class=\"menu-menu-1-container\"><ul id=\"menu-1-37b5021\" class=\"wl-nav-menu wl-nav-menu\"><li class=\"menu-item menu-item-type-post_type menu-item-object-page menu-item-home menu-item-2813\"><a href=\"https:\/\/przyczepy-szamotuly.pl\/\" class=\"wl-item\">Strona g\u0142\u00f3wna<\/a><\/li>\n<li class=\"menu-item menu-item-type-post_type menu-item-object-page menu-item-3475\"><a href=\"https:\/\/przyczepy-szamotuly.pl\/?page_id=2598\" class=\"wl-item\">Oferta<\/a><\/li>\n<li class=\"menu-item menu-item-type-post_type menu-item-object-page menu-item-893\"><a href=\"https:\/\/przyczepy-szamotuly.pl\/?page_id=871\" class=\"wl-item\">Kontakt<\/a><\/li>\n<\/ul><\/div><\/nav>\r\n                    <div class=\"wl-menu-toggle\" role=\"button\" aria-label=\"Menu Toggle\" aria-expanded=\"false\">\r\n            <i aria-hidden=\"true\" class=\"fas fa-bars\"><\/i>                    <\/div>\r\n        <nav class=\"wl-nav-menu--dropdown wl-nav-menu__container\" role=\"navigation\" aria-hidden=\"true\">\r\n            <a href=\"#\" class=\"wl_close-menu\">\r\n                <span class=\"bar1\"><\/span>\r\n                <span class=\"bar3\"><\/span>\r\n            <\/a>\r\n            <div class=\"menu-menu-1-container\"><ul id=\"menu-1-37b5021\" class=\"wl-nav-menu wl-nav-menu\"><li class=\"menu-item menu-item-type-post_type menu-item-object-page menu-item-home menu-item-2813\"><a href=\"https:\/\/przyczepy-szamotuly.pl\/\" class=\"wl-item\">Strona g\u0142\u00f3wna<\/a><\/li>\n<li class=\"menu-item menu-item-type-post_type menu-item-object-page menu-item-3475\"><a href=\"https:\/\/przyczepy-szamotuly.pl\/?page_id=2598\" class=\"wl-item\">Oferta<\/a><\/li>\n<li class=\"menu-item menu-item-type-post_type menu-item-object-page menu-item-893\"><a href=\"https:\/\/przyczepy-szamotuly.pl\/?page_id=871\" class=\"wl-item\">Kontakt<\/a><\/li>\n<\/ul><\/div>        <\/nav>\r\n    <\/div>\r\n    \r\n<\/div>\t\t<\/div>\n\t\t\t\t<\/div>\n\t\t\t\t\t<\/div>\n\t\t<\/div>\n\t\t\t\t\t<\/div>\n\t\t<\/section>\n\t\t\t\t<section class=\"elementor-section elementor-top-section elementor-element elementor-element-668785a8 elementor-section-boxed elementor-section-height-default elementor-section-height-default\" data-id=\"668785a8\" data-element_type=\"section\" data-settings=\"{&quot;background_background&quot;:&quot;classic&quot;}\">\n\t\t\t\t\t\t<div class=\"elementor-container elementor-column-gap-no\">\n\t\t\t\t\t<div class=\"elementor-column elementor-col-100 elementor-top-column elementor-element elementor-element-4b061a02\" data-id=\"4b061a02\" data-element_type=\"column\">\n\t\t\t<div class=\"elementor-widget-wrap elementor-element-populated\">\n\t\t\t\t\t\t<div class=\"elementor-element elementor-element-2c887263 elementor-widget elementor-widget-heading\" data-id=\"2c887263\" data-element_type=\"widget\" data-widget_type=\"heading.default\">\n\t\t\t\t<div class=\"elementor-widget-container\">\n\t\t\t<h1 class=\"elementor-heading-title elementor-size-default\">Kontakt i lokalizacja<\/h1>\t\t<\/div>\n\t\t\t\t<\/div>\n\t\t\t\t\t<\/div>\n\t\t<\/div>\n\t\t\t\t\t<\/div>\n\t\t<\/section>\n\t\t\t\t<section class=\"elementor-section elementor-top-section elementor-element elementor-element-1baa15d6 elementor-section-boxed elementor-section-height-default elementor-section-height-default\" data-id=\"1baa15d6\" data-element_type=\"section\">\n\t\t\t\t\t\t<div class=\"elementor-container elementor-column-gap-no\">\n\t\t\t\t\t<div class=\"elementor-column elementor-col-100 elementor-top-column elementor-element elementor-element-1d8ac651\" data-id=\"1d8ac651\" data-element_type=\"column\">\n\t\t\t<div class=\"elementor-widget-wrap elementor-element-populated\">\n\t\t\t\t\t\t<div class=\"elementor-element elementor-element-65e41aea elementor-widget elementor-widget-heading\" data-id=\"65e41aea\" data-element_type=\"widget\" data-widget_type=\"heading.default\">\n\t\t\t\t<div class=\"elementor-widget-container\">\n\t\t\t<h2 class=\"elementor-heading-title elementor-size-default\">B\u0105d\u017amy w kontakcie...<\/h2>\t\t<\/div>\n\t\t\t\t<\/div>\n\t\t\t\t<div class=\"elementor-element elementor-element-3e6096db elementor-widget elementor-widget-text-editor\" data-id=\"3e6096db\" data-element_type=\"widget\" data-widget_type=\"text-editor.default\">\n\t\t\t\t<div class=\"elementor-widget-container\">\n\t\t\t\t\t\t\t<p>Prosimy o kontakt g\u0142\u00f3wnie telefoniczny, aby\u015bmy mogli szybko i sprawnie odpowiedzie\u0107 na wszystkie pytania. W trakcie rozmowy ch\u0119tnie wyja\u015bnimy wszelkie szczeg\u00f3\u0142y dotycz\u0105ce oferty, podamy dok\u0142adny adres oraz rozwiejemy wszelkie w\u0105tpliwo\u015bci. Dzi\u0119ki temu mo\u017cemy zapewni\u0107 indywidualne podej\u015bcie i pe\u0142n\u0105 pomoc w ka\u017cdej kwestii.<\/p>\t\t\t\t\t\t<\/div>\n\t\t\t\t<\/div>\n\t\t\t\t<div class=\"elementor-element elementor-element-758a8d45 elementor-widget elementor-widget-heading\" data-id=\"758a8d45\" data-element_type=\"widget\" data-widget_type=\"heading.default\">\n\t\t\t\t<div class=\"elementor-widget-container\">\n\t\t\t<h2 class=\"elementor-heading-title elementor-size-default\">Dane kontaktowe:<\/h2>\t\t<\/div>\n\t\t\t\t<\/div>\n\t\t\t\t<div class=\"elementor-element elementor-element-33e5a9f elementor-icon-list--layout-traditional elementor-list-item-link-full_width elementor-widget elementor-widget-icon-list\" data-id=\"33e5a9f\" data-element_type=\"widget\" data-widget_type=\"icon-list.default\">\n\t\t\t\t<div class=\"elementor-widget-container\">\n\t\t\t\t\t<ul class=\"elementor-icon-list-items\">\n\t\t\t\t\t\t\t<li class=\"elementor-icon-list-item\">\n\t\t\t\t\t\t\t\t\t\t\t<span class=\"elementor-icon-list-icon\">\n\t\t\t\t\t\t\t<i aria-hidden=\"true\" class=\"fas fa-phone-alt\"><\/i>\t\t\t\t\t\t<\/span>\n\t\t\t\t\t\t\t\t\t\t<span class=\"elementor-icon-list-text\"><b style=\"color:#3E7699;font-weight:600;\">Telefon<\/b>: +48 503 515 232<\/span>\n\t\t\t\t\t\t\t\t\t<\/li>\n\t\t\t\t\t\t\t\t<li class=\"elementor-icon-list-item\">\n\t\t\t\t\t\t\t\t\t\t\t<span class=\"elementor-icon-list-icon\">\n\t\t\t\t\t\t\t<i aria-hidden=\"true\" class=\"far fa-envelope\"><\/i>\t\t\t\t\t\t<\/span>\n\t\t\t\t\t\t\t\t\t\t<span class=\"elementor-icon-list-text\"><b style=\"color:#3E7699;font-weight:600;\">Email<\/b>: <a href=\"mailto:mateusz@krauze.ovh\" style=\"display:inline;\">mateusz@krauze.ovh<\/a><\/span>\n\t\t\t\t\t\t\t\t\t<\/li>\n\t\t\t\t\t\t<\/ul>\n\t\t\t\t<\/div>\n\t\t\t\t<\/div>\n\t\t\t\t<div class=\"elementor-element elementor-element-2e0ad1a elementor-widget elementor-widget-heading\" data-id=\"2e0ad1a\" data-element_type=\"widget\" data-widget_type=\"heading.default\">\n\t\t\t\t<div class=\"elementor-widget-container\">\n\t\t\t<h2 class=\"elementor-heading-title elementor-size-default\">Lokalizacja:<\/h2>\t\t<\/div>\n\t\t\t\t<\/div>\n\t\t\t\t\t<\/div>\n\t\t<\/div>\n\t\t\t\t\t<\/div>\n\t\t<\/section>\n\t\t\t\t<section class=\"elementor-section elementor-top-section elementor-element elementor-element-79dca39e elementor-section-boxed elementor-section-height-default elementor-section-height-default\" data-id=\"79dca39e\" data-element_type=\"section\">\n\t\t\t\t\t\t<div class=\"elementor-container elementor-column-gap-no\">\n\t\t\t\t\t<div class=\"elementor-column elementor-col-100 elementor-top-column elementor-element elementor-element-1b0ca861\" data-id=\"1b0ca861\" data-element_type=\"column\">\n\t\t\t<div class=\"elementor-widget-wrap elementor-element-populated\">\n\t\t\t\t\t\t<div class=\"elementor-element elementor-element-94fd63c elementor-widget elementor-widget-eli-map\" data-id=\"94fd63c\" data-element_type=\"widget\" data-widget_type=\"eli-map.default\">\n\t\t\t\t<div class=\"elementor-widget-container\">\n\t\t\t        <div class=\"elementinvader-addons-for-elementor elementor-clickable elementor-custom-embed\" id=\"eli_156227132\">\r\n            <div class=\"eli-container\">\r\n                                        <div id=\"elementinvader_addons_for_elementor_156227132\" style=\"height:363px\" data-zoom_index=\"7\" class=\"sw_map_box elementor-custom-embed elementor-clickable\"><\/div>\r\n\r\n<style>\r\n    #elementinvader_addons_for_elementor_156227132 .wl_marker-container {\r\n        height: 42px !important;\r\n        width: 42px !important;\r\n    } \r\n<\/style>\r\n \r\n<script>\r\n        jQuery(document).ready(function($) {\r\n\r\n            var eli_geocoder;\r\n            var eli_map;\r\n            var eli_markers = [];\r\n            var eli_clustererOptions;\r\n            var eli_infowindow;\r\n\r\n            var eli_clusters ='';\r\n            var eli_jpopup_customOptions =\r\n            {\r\n            'maxWidth': 'initial',\r\n            'width': 'initial',\r\n            'className' : 'popupCustom'\r\n            }\r\n            if(eli_clusters=='')\r\n                eli_clusters = L.markerClusterGroup({spiderfyOnMaxZoom: true, showCoverageOnHover: false, zoomToBoundsOnClick: true});\r\n\r\n                eli_map = L.map('elementinvader_addons_for_elementor_156227132', {\r\n                    center: [52.596612619827,16.612016851687],\r\n                    zoom: 7,\r\n                    scrollWheelZoom: false,\r\n                    dragging: !L.Browser.mobile,tap: !L.Browser.mobile\r\n                });     \r\n                L.tileLayer('https:\/\/{s}.tile.openstreetmap.org\/{z}\/{x}\/{y}.png', {\r\n                    attribution: '&copy; <a href=\"https:\/\/www.openstreetmap.org\/copyright\">OpenStreetMap<\/a> contributors'\r\n                }).addTo(eli_map);\r\n                var innerMarker = '<div class=\"wl_marker-container\"><div class=\"front wl_face\"><i class=\"fa fa-home\"><\/i><\/div><div class=\"wl_marker-card\"><div class=\"wl_marker-arrow\"><\/div><\/div><\/div>';innerMarker = '<div class=\"wl_marker-container\"><div class=\"front wl_face\"><i class=\"fas fa-caravan\"><\/i><\/div><div class=\"wl_marker-card\"><div class=\"wl_marker-arrow\"><\/div><\/div><\/div>';\r\n                var marker = L.marker(\r\n                    [52.596612619827, 16.612016851687],\r\n                     {icon: L.divIcon({\r\n                                html: innerMarker,\r\n                                className: 'open_steet_map_marker',\r\n                                iconSize: [0, 0],\r\n                                popupAnchor: [0, -63],\r\n                                iconAnchor: [21, 66],\r\n                            })\r\n                        }  \r\n                );\r\n                eli_clusters.addLayer(marker);\r\n                eli_markers.push(marker);\r\n                eli_map.addLayer(eli_clusters);\r\n\r\n                marker.bindPopup('<div class=\"eli_infobox\"><h2 class=\"eli_infobox_title\">Tu jeste\u015bmy!<\/h2><div class=\"eli_infobox_text\">Lipowa 86, 64-500 K\u0119pa<\/div><\/div>', eli_jpopup_customOptions);  \r\n                    $.get('https:\/\/nominatim.openstreetmap.org\/search?format=json&q=Lipowa 86, 64-500 K\u0119pa', function(data){\r\n                        if(typeof data[0] !='undefined'){\r\n                            marker.setLatLng([data[0].lat, data[0].lon]).update(); \r\n                            eli_map.panTo(new L.LatLng(data[0].lat, data[0].lon));\r\n                        }\r\n                    });\r\n                            \/* set center *\/\r\n                            if(eli_markers.length && eli_markers.length > 1){\r\n                                var limits_center = [];\r\n                                for (var i in eli_markers) {\r\n                                    var latLngs = [ eli_markers[i].getLatLng() ];\r\n                                    limits_center.push(latLngs)\r\n                                };\r\n                                var bounds = L.latLngBounds(limits_center);\r\n                                eli_map.fitBounds(bounds);\r\n                            }\r\n                         \r\n                })\r\n            <\/script>                    <\/div>\r\n        <\/div>\r\n        \t\t<\/div>\n\t\t\t\t<\/div>\n\t\t\t\t\t<\/div>\n\t\t<\/div>\n\t\t\t\t\t<\/div>\n\t\t<\/section>\n\t\t\t\t<footer class=\"elementor-section elementor-top-section elementor-element elementor-element-bb3aeac elementor-section-boxed elementor-section-height-default elementor-section-height-default\" data-id=\"bb3aeac\" data-element_type=\"section\" data-settings=\"{&quot;background_background&quot;:&quot;classic&quot;}\">\n\t\t\t\t\t\t<div class=\"elementor-container elementor-column-gap-no\">\n\t\t\t\t\t<div class=\"elementor-column elementor-col-100 elementor-top-column elementor-element elementor-element-5b12e21\" data-id=\"5b12e21\" data-element_type=\"column\">\n\t\t\t<div class=\"elementor-widget-wrap elementor-element-populated\">\n\t\t\t\t\t\t<div class=\"elementor-element elementor-element-f2a2b42 elementor-widget elementor-widget-eli-logo\" data-id=\"f2a2b42\" data-element_type=\"widget\" data-widget_type=\"eli-logo.default\">\n\t\t\t\t<div class=\"elementor-widget-container\">\n\t\t\t<div class=\"widget-eli eli-logo\" id=\"eli_254421826\">\r\n    <div class=\"eli_container\">\r\n                    <a href=\"https:\/\/przyczepy-szamotuly.pl\/\"  class=\"custom-logo-link\">\r\n                <img decoding=\"async\" src=\"https:\/\/przyczepy-szamotuly.pl\/wp-content\/uploads\/2024\/10\/LOGO-bez-napisow-i-tla.png\" alt=\"Przyczepy Szamotu\u0142y\">\r\n            <\/a>\r\n            <\/div>\r\n<\/div>\t\t<\/div>\n\t\t\t\t<\/div>\n\t\t\t\t<div class=\"elementor-element elementor-element-6aa3c78 elementor-widget elementor-widget-text-editor\" data-id=\"6aa3c78\" data-element_type=\"widget\" data-widget_type=\"text-editor.default\">\n\t\t\t\t<div class=\"elementor-widget-container\">\n\t\t\t\t\t\t\t<p>Znajdziesz tutaj aktualne og\u0142oszenia dotycz\u0105ce sprzeda\u017cy przyczep kempingowych. Wszystkie oferty s\u0105 starannie wyselekcjonowane, aby zapewni\u0107 najwy\u017csz\u0105 jako\u015b\u0107 i satysfakcj\u0119 klient\u00f3w.<\/p>\t\t\t\t\t\t<\/div>\n\t\t\t\t<\/div>\n\t\t\t\t<div class=\"elementor-element elementor-element-cd81e0a elementor-list-item-link-inline elementor-mobile-align-center elementor-icon-list--layout-traditional elementor-widget elementor-widget-icon-list\" data-id=\"cd81e0a\" data-element_type=\"widget\" data-widget_type=\"icon-list.default\">\n\t\t\t\t<div class=\"elementor-widget-container\">\n\t\t\t\t\t<ul class=\"elementor-icon-list-items\">\n\t\t\t\t\t\t\t<li class=\"elementor-icon-list-item\">\n\t\t\t\t\t\t\t\t\t\t\t<a href=\"tel:9173822057\">\n\n\t\t\t\t\t\t\t\t\t\t\t\t<span class=\"elementor-icon-list-icon\">\n\t\t\t\t\t\t\t<i aria-hidden=\"true\" class=\"fas fa-phone-alt\"><\/i>\t\t\t\t\t\t<\/span>\n\t\t\t\t\t\t\t\t\t\t<span class=\"elementor-icon-list-text\">+48 503 515 232<\/span>\n\t\t\t\t\t\t\t\t\t\t\t<\/a>\n\t\t\t\t\t\t\t\t\t<\/li>\n\t\t\t\t\t\t\t\t<li class=\"elementor-icon-list-item\">\n\t\t\t\t\t\t\t\t\t\t\t<a href=\"mailto:agent@info.com\">\n\n\t\t\t\t\t\t\t\t\t\t\t\t<span class=\"elementor-icon-list-icon\">\n\t\t\t\t\t\t\t<i aria-hidden=\"true\" class=\"far fa-envelope\"><\/i>\t\t\t\t\t\t<\/span>\n\t\t\t\t\t\t\t\t\t\t<span class=\"elementor-icon-list-text\">mateusz@krauze.ovh<\/span>\n\t\t\t\t\t\t\t\t\t\t\t<\/a>\n\t\t\t\t\t\t\t\t\t<\/li>\n\t\t\t\t\t\t<\/ul>\n\t\t\t\t<\/div>\n\t\t\t\t<\/div>\n\t\t\t\t\t<\/div>\n\t\t<\/div>\n\t\t\t\t\t<\/div>\n\t\t<\/footer>\n\t\t\t\t<section class=\"elementor-section elementor-top-section elementor-element elementor-element-68aee4f elementor-section-boxed elementor-section-height-default elementor-section-height-default\" data-id=\"68aee4f\" data-element_type=\"section\" data-settings=\"{&quot;background_background&quot;:&quot;classic&quot;}\">\n\t\t\t\t\t\t<div class=\"elementor-container elementor-column-gap-no\">\n\t\t\t\t\t<div class=\"elementor-column elementor-col-100 elementor-top-column elementor-element elementor-element-de96793\" data-id=\"de96793\" data-element_type=\"column\">\n\t\t\t<div class=\"elementor-widget-wrap elementor-element-populated\">\n\t\t\t\t\t\t<section class=\"elementor-section elementor-inner-section elementor-element elementor-element-e45936a elementor-section-boxed elementor-section-height-default elementor-section-height-default\" data-id=\"e45936a\" data-element_type=\"section\">\n\t\t\t\t\t\t<div class=\"elementor-container elementor-column-gap-default\">\n\t\t\t\t\t<div class=\"elementor-column elementor-col-100 elementor-inner-column elementor-element elementor-element-2229783\" data-id=\"2229783\" data-element_type=\"column\">\n\t\t\t<div class=\"elementor-widget-wrap elementor-element-populated\">\n\t\t\t\t\t\t<div class=\"elementor-element elementor-element-798f717 elementor-widget elementor-widget-heading\" data-id=\"798f717\" data-element_type=\"widget\" data-widget_type=\"heading.default\">\n\t\t\t\t<div class=\"elementor-widget-container\">\n\t\t\t<div class=\"elementor-heading-title elementor-size-default\">Copyright \u00a9 2024 Mateusz Krauze<br><\/div>\t\t<\/div>\n\t\t\t\t<\/div>\n\t\t\t\t\t<\/div>\n\t\t<\/div>\n\t\t\t\t\t<\/div>\n\t\t<\/section>\n\t\t\t\t\t<\/div>\n\t\t<\/div>\n\t\t\t\t\t<\/div>\n\t\t<\/section>\n\t\t\t\t<\/div>\n\t\t","protected":false},"excerpt":{"rendered":"<p>Przyczepy Szamotu\u0142y Home Oferta Kontakt Home Oferta Kontakt Kontakt i lokalizacja B\u0105d\u017amy w kontakcie&#8230; Prosimy o kontakt g\u0142\u00f3wnie telefoniczny, aby\u015bmy mogli szybko i sprawnie odpowiedzie\u0107 na wszystkie pytania. W trakcie rozmowy ch\u0119tnie wyja\u015bnimy wszelkie szczeg\u00f3\u0142y dotycz\u0105ce oferty, podamy dok\u0142adny adres oraz rozwiejemy wszelkie w\u0105tpliwo\u015bci. Dzi\u0119ki temu mo\u017cemy zapewni\u0107 indywidualne podej\u015bcie i pe\u0142n\u0105 pomoc w ka\u017cdej [&hellip;]<\/p>\n","protected":false},"author":1,"featured_media":0,"parent":0,"menu_order":0,"comment_status":"closed","ping_status":"closed","template":"elementor_canvas","meta":{"footnotes":""},"class_list":["post-871","page","type-page","status-publish","hentry"],"_links":{"self":[{"href":"https:\/\/przyczepy-szamotuly.pl\/index.php?rest_route=\/wp\/v2\/pages\/871","targetHints":{"allow":["GET"]}}],"collection":[{"href":"https:\/\/przyczepy-szamotuly.pl\/index.php?rest_route=\/wp\/v2\/pages"}],"about":[{"href":"https:\/\/przyczepy-szamotuly.pl\/index.php?rest_route=\/wp\/v2\/types\/page"}],"author":[{"embeddable":true,"href":"https:\/\/przyczepy-szamotuly.pl\/index.php?rest_route=\/wp\/v2\/users\/1"}],"replies":[{"embeddable":true,"href":"https:\/\/przyczepy-szamotuly.pl\/index.php?rest_route=%2Fwp%2Fv2%2Fcomments&post=871"}],"version-history":[{"count":15,"href":"https:\/\/przyczepy-szamotuly.pl\/index.php?rest_route=\/wp\/v2\/pages\/871\/revisions"}],"predecessor-version":[{"id":3594,"href":"https:\/\/przyczepy-szamotuly.pl\/index.php?rest_route=\/wp\/v2\/pages\/871\/revisions\/3594"}],"wp:attachment":[{"href":"https:\/\/przyczepy-szamotuly.pl\/index.php?rest_route=%2Fwp%2Fv2%2Fmedia&parent=871"}],"curies":[{"name":"wp","href":"https:\/\/api.w.org\/{rel}","templated":true}]}}